{"id":296,"date":"2024-01-28T18:26:03","date_gmt":"2024-01-28T18:26:03","guid":{"rendered":"https:\/\/www.ab-biotics.com\/gyntima-menopause\/?page_id=296"},"modified":"2024-08-14T12:38:45","modified_gmt":"2024-08-14T12:38:45","slug":"politica-privacidad","status":"publish","type":"page","link":"https:\/\/www.ab-biotics.com\/gyntima-menopause\/politica-privacidad\/","title":{"rendered":"Pol\u00edtica de privacidad"},"content":{"rendered":"\n<h2 class=\"wp-block-heading\">Controlador de datos<\/h2>\n\n\n\n<p>El responsable del tratamiento de los datos personales es AB-BIOTICS, S.A. con N.I.F. (NIF\/CIF) N\u00ba: A-63497473, debidamente inscrita en el Registro Mercantil de Barcelona al Tomo: 36567, Folio: 82, Hoja: B293983, Inscripci\u00f3n: 1 y con domicilio social en: M. CUBS 1 \u2013 Avinguda Can Fatj\u00f3 dels Aurons, 3. CP: 08174. Poblaci\u00f3n: SANT CUGAT DEL VALL\u00c8S. Provincia: BARCELONA. Pa\u00eds: ESPA\u00d1A (en adelante, \u201cAB-BIOTICS\u201d o el \u201cResponsable del Tratamiento\u201d).<\/p>\n\n\n\n<h2 class=\"wp-block-heading\" id=\"uso-de-datos-personales\">Uso de datos personales<\/h2>\n\n\n\n<p>Los datos que nos facilita ser\u00e1n tratados por AB-BIOTICS exclusivamente con la finalidad de llevar a cabo el estudio de investigaci\u00f3n titulado Estudio AB-GynMeno-24, siendo los principales usos los siguientes:<\/p>\n\n\n\n<p>Para el env\u00edo del producto de investigaci\u00f3n a su domicilio particular.<\/p>\n\n\n\n<p>Para el env\u00edo de comunicaciones relativas al estudio, con el fin de proporcionarle informaci\u00f3n detallada sobre el mismo, firma del consentimiento informado, env\u00edo del enlace para la cumplimentaci\u00f3n de los cuestionarios del estudio.<\/p>\n\n\n\n<p>Los datos de los cuestionarios de salud se tratar\u00e1n en todo momento de forma pseudonimizada, es decir, estar\u00e1n identificados mediante un c\u00f3digo, de manera que no se incluya informaci\u00f3n que pueda identificarle.<\/p>\n\n\n\n<p>El promotor AB-BIOTICS ha informado de los procedimientos de protecci\u00f3n de datos personales al comit\u00e9 de \u00e9tica que eval\u00faa el estudio y que se detallan en la Hoja de Informaci\u00f3n al Participante.<\/p>\n\n\n\n<p>En cualquier caso, la base legal que permite a AB-BIOTICS tratar sus datos personales es el consentimiento prestado a trav\u00e9s del formulario creado al efecto en el Sitio Web.<\/p>\n\n\n\n<p>En cualquier caso, puede ejercer su derecho de oposici\u00f3n si lo considera necesario, dirigi\u00e9ndose por escrito a la siguiente direcci\u00f3n: info@ab-biotics.com.<\/p>\n\n\n\n<h2 class=\"wp-block-heading\" id=\"plazo-de-conservacion-de-datos\">Plazo de conservaci\u00f3n de datos<\/h2>\n\n\n\n<p>Seg\u00fan el Real Decreto 1090\/2015, de 4 de diciembre, por el que se regulan los ensayos cl\u00ednicos, la informaci\u00f3n se guardar\u00e1 durante 25 a\u00f1os, siendo el responsable principal de su custodia AB-BIOTICS.<\/p>\n\n\n\n<h2 class=\"wp-block-heading\" id=\"transferencias-de-datos-a-terceros\">Transferencias de datos a terceros<\/h2>\n\n\n\n<p>AB-BIOTICS le informa que sus datos podr\u00e1n ser cedidos o transferidos a otras empresas del grupo o a terceros que presten servicios relacionados con las finalidades del tratamiento para las que fueron recabados, y sujeto a su consentimiento.<\/p>\n\n\n\n<p>En cualquier caso, AB-BIOTICS podr\u00e1 transferir sus datos a terceros si esta transferencia es requerida por ley, por disposici\u00f3n reglamentaria o sentencia judicial, o si la divulgaci\u00f3n es necesaria para garantizar la protecci\u00f3n y defensa de sus derechos.<\/p>\n\n\n\n<h2 class=\"wp-block-heading\" id=\"derechos-del-usuario\">Derechos del usuario<\/h2>\n\n\n\n<p><strong>Derecho de acceso:<\/strong>&nbsp;Puede preguntarnos qu\u00e9 datos personales est\u00e1 tratando AB-BIOTICS, e incluso solicitar una copia de los mismos.<\/p>\n\n\n\n<p><strong>Derecho de rectificaci\u00f3n:&nbsp;<\/strong>Podr\u00e1 solicitar a AB-BIOTICS la rectificaci\u00f3n de los datos personales inexactos, o que se completen los datos incompletos, incluso mediante una declaraci\u00f3n adicional.<\/p>\n\n\n\n<p><strong>Derecho de supresi\u00f3n (derecho al olvido):<\/strong>&nbsp;Puede solicitar a AB-BIOTICS que elimine sus datos personales cuando ya no sean necesarios para los fines para los que fueron recogidos, cuando haya revocado su consentimiento, cuando los datos hayan sido tratados de forma il\u00edcita o para cumplir con una obligaci\u00f3n legal.<\/p>\n\n\n\n<p><strong>Derecho a la limitaci\u00f3n del tratamiento:<\/strong>&nbsp;Podr\u00e1 solicitar a AB-BIOTICS la limitaci\u00f3n del tratamiento de sus datos, en cuyo caso \u00fanicamente se conservar\u00e1n para el ejercicio o la defensa de reclamaciones.<\/p>\n\n\n\n<p><strong>Derecho a la portabilidad de los datos:<\/strong>&nbsp;Puede solicitar a AB-BIOTICS que le devuelva (a usted o a un tercero de su elecci\u00f3n) sus datos personales en un formato estructurado, de uso com\u00fan y lectura mec\u00e1nica.<\/p>\n\n\n\n<p><strong>Derecho a oponerse:&nbsp;<\/strong>puede oponerse al procesamiento de sus datos y solicitar que cese dicho procesamiento.<\/p>\n\n\n\n<p>AB-BIOTICS le informa adem\u00e1s que para ejercer estos derechos deber\u00e1 enviar una solicitud por escrito y firmada a AB-BIOTICS, adjuntando fotocopia de su D.N.I. tarjeta o documento alternativo que acredite su identidad, utilizando la direcci\u00f3n postal o de correo electr\u00f3nico indicado en el apartado 1 de esta pol\u00edtica de privacidad. En el caso de modificaciones de sus datos, deber\u00e1 comunicarlo a la misma direcci\u00f3n, no aceptando AB-BIOTICS ninguna responsabilidad en caso de no hacerlo.<\/p>\n\n\n\n<p>Una vez recibida cualquiera de las solicitudes antes mencionadas, AB-BIOTICS responder\u00e1 en un plazo m\u00e1ximo de 10 d\u00edas.<\/p>\n\n\n\n<p>Tiene derecho a presentar una reclamaci\u00f3n ante la Agencia Espa\u00f1ola de Protecci\u00f3n de Datos. Si desea m\u00e1s informaci\u00f3n sobre los derechos que puede ejercer o desea solicitar los formularios utilizados para ejercer estos derechos, puede visitar la p\u00e1gina web de la Agencia Espa\u00f1ola de Protecci\u00f3n de Datos: www.agpd.es<\/p>\n\n\n\n<p><\/p>\n","protected":false},"excerpt":{"rendered":"<p>Controlador de datos El responsable del tratamiento de los datos personales es AB-BIOTICS, S.A. con N.I.F. (NIF\/CIF) N\u00ba: A-63497473, debidamente inscrita en el Registro Mercantil de Barcelona al Tomo: 36567, Folio: 82, Hoja: B293983, Inscripci\u00f3n: 1 y con domicilio social en: M. CUBS 1 \u2013 Avinguda Can Fatj\u00f3 dels Aurons, 3. CP: 08174. Poblaci\u00f3n: SANT [&hellip;]<\/p>\n","protected":false},"author":1,"featured_media":0,"parent":0,"menu_order":0,"comment_status":"closed","ping_status":"closed","template":"","meta":{"footnotes":""},"class_list":["post-296","page","type-page","status-publish","hentry"],"meta_box":[],"_links":{"self":[{"href":"https:\/\/www.ab-biotics.com\/gyntima-menopause\/wp-json\/wp\/v2\/pages\/296","targetHints":{"allow":["GET"]}}],"collection":[{"href":"https:\/\/www.ab-biotics.com\/gyntima-menopause\/wp-json\/wp\/v2\/pages"}],"about":[{"href":"https:\/\/www.ab-biotics.com\/gyntima-menopause\/wp-json\/wp\/v2\/types\/page"}],"author":[{"embeddable":true,"href":"https:\/\/www.ab-biotics.com\/gyntima-menopause\/wp-json\/wp\/v2\/users\/1"}],"replies":[{"embeddable":true,"href":"https:\/\/www.ab-biotics.com\/gyntima-menopause\/wp-json\/wp\/v2\/comments?post=296"}],"version-history":[{"count":6,"href":"https:\/\/www.ab-biotics.com\/gyntima-menopause\/wp-json\/wp\/v2\/pages\/296\/revisions"}],"predecessor-version":[{"id":759,"href":"https:\/\/www.ab-biotics.com\/gyntima-menopause\/wp-json\/wp\/v2\/pages\/296\/revisions\/759"}],"wp:attachment":[{"href":"https:\/\/www.ab-biotics.com\/gyntima-menopause\/wp-json\/wp\/v2\/media?parent=296"}],"curies":[{"name":"wp","href":"https:\/\/api.w.org\/{rel}","templated":true}]}}