{"id":1889,"date":"2025-06-23T14:55:53","date_gmt":"2025-06-23T14:55:53","guid":{"rendered":"https:\/\/www.ab-biotics.com\/ab-kolicare\/politica-de-calitate\/"},"modified":"2025-10-14T19:02:29","modified_gmt":"2025-10-14T19:02:29","slug":"politica-de-calitate","status":"publish","type":"page","link":"https:\/\/www.ab-biotics.com\/ab-kolicare\/ro\/politica-de-calitate\/","title":{"rendered":"Politica de calitate"},"content":{"rendered":"\n<h2 class=\"wp-block-heading\">Politica AB-BIOTICS privind calitatea, siguran\u021ba \u0219i integritatea datelor<\/h2>\n\n<p><strong>AB-BIOTICS S.A.<\/strong> este o companie lider \u00een biotehnologie, bazat\u0103 pe cercetare, dezvoltare, protec\u021bia propriet\u0103\u021bii intelectuale \u0219i distribuirea propriilor solu\u021bii biotehnologice exclusive prin modele Business to Business (B2B) \u0219i Business to Consumer (B2C).<\/p>\n\n<p>Compania noastr\u0103 \u00ee\u0219i propune s\u0103 se impun\u0103 ca reper de valoare \u0219i profitabilitate \u00een sectorul biotehnologiei din Europa. Lucr\u0103m pentru a \u00eembun\u0103t\u0103\u021bi s\u0103n\u0103tatea oamenilor, dezvolt\u00e2nd produse \u0219i oferind servicii care sus\u021bin un stil de via\u021b\u0103 s\u0103n\u0103tos \u0219i ajut\u0103 la prevenirea \u0219i tratarea bolilor. <\/p>\n\n<p>AB-BIOTICS are o echip\u0103 multidisciplinar\u0103 fondat\u0103 de Miquel \u00c0ngel Bonachera \u0219i Sergi Audivert. Organiza\u021bia \u00eembin\u0103 talentul unor profesioni\u0219ti tineri, dinamici \u0219i \u00eenalt califica\u021bi cu profesioni\u0219ti cu o ampl\u0103 experien\u021b\u0103 interna\u021bional\u0103 \u0219i succes \u00een lumea afacerilor \u0219i a biotehnologiei. <\/p>\n\n<ul class=\"wp-block-list\">\n<li><strong>Viziune: <\/strong>AB-BIOTICS \u00ee\u0219i propune s\u0103 se impun\u0103 ca reper de valoare \u0219i profitabilitate \u00een sectorul biotehnologiei din Europa.<\/li>\n\n\n\n<li><strong>Misiune: <\/strong>AB-BIOTICS lucreaz\u0103 pentru a \u00eembun\u0103t\u0103\u021bi s\u0103n\u0103tatea oamenilor, dezvolt\u00e2nd produse \u0219i oferind servicii care sus\u021bin un stil de via\u021b\u0103 s\u0103n\u0103tos \u0219i ajut\u0103 la prevenirea \u0219i tratarea bolilor.<\/li>\n\n\n\n<li><strong>Valori:<\/strong>\n<ul class=\"wp-block-list\">\n<li>Inova\u021bie: gener\u0103m idei noi care ajut\u0103 la \u00eembun\u0103t\u0103\u021birea s\u0103n\u0103t\u0103\u021bii umane.<\/li>\n\n\n\n<li>Munca \u00een echip\u0103: lucr\u0103m \u00eempreun\u0103 cu entuziasm, concentra\u021bi pe un obiectiv comun \u0219i valorific\u00e2nd toate sinergiile generate de colaborare.<\/li>\n\n\n\n<li>Responsabilitate: lu\u0103m decizii responsabile, asigur\u00e2ndu-ne c\u0103 eforturile noastre contribuie la obiectivele companiei.<\/li>\n\n\n\n<li>Respect: trat\u0103m oamenii cu demnitate \u0219i \u00eencredere \u0219i le ascult\u0103m ideile.<\/li>\n\n\n\n<li>Competitivitate: demonstr\u0103m un spirit neobosit, orientat spre atingerea leadershipului \u0219i a excelen\u021bei \u00een sectorul nostru.<\/li>\n\n\n\n<li>Dezvoltare profesional\u0103: promov\u0103m \u00eenv\u0103\u021barea continu\u0103 \u0219i dob\u00e2ndirea de noi abilit\u0103\u021bi \u0219i competen\u021be \u00een cadrul echipelor noastre.<\/li>\n\n\n\n<li>Angajament social: contribuim la transformarea progreselor din biotehnologie \u00een solu\u021bii care pot \u00eembun\u0103t\u0103\u021bi s\u0103n\u0103tatea oamenilor.<\/li>\n\n\n\n<li>Flexibilitate: ne adapt\u0103m rapid la mediile \u00een schimbare pentru a avansa c\u0103tre obiectivele companiei.<\/li>\n\n\n\n<li>Respect pentru mediu: s\u0103 fim un bun cet\u0103\u021bean corporativ, contribuind la \u00eembun\u0103t\u0103\u021birea calit\u0103\u021bii vie\u021bii societ\u0103\u021bii noastre.<\/li>\n<\/ul>\n<\/li>\n<\/ul>\n\n<p><strong>AB-BIOTICS SA.<\/strong>  \u00ee\u0219i asum\u0103 angajamentul de a aplica un Sistem de Management al Calit\u0103\u021bii, \u00een conformitate cu angajamentul nostru fa\u021b\u0103 de siguran\u021ba, conformitatea \u0219i calitatea produselor \u0219i serviciilor noastre, precum \u0219i de a garanta \u0219i implementa o cultur\u0103 a siguran\u021bei \u0219i siguran\u021bei alimentare.<\/p>\n\n<p>Angajamentul Managementului General se manifest\u0103 prin implementarea \u0219i men\u021binerea acestui Sistem de Management al Calit\u0103\u021bii, care garanteaz\u0103 adecvarea proceselor noastre, \u00eentr-un mod sustenabil \u0219i robust, prin programe de \u00eembun\u0103t\u0103\u021bire continu\u0103 a produselor \u0219i serviciilor noastre.<\/p>\n\n<p>\u00centreaga organiza\u021bie, condus\u0103 de Managementul General, \u00ee\u0219i asum\u0103 angajamentul de a:<\/p>\n\n<ul class=\"wp-block-list\">\n<li>Promova Managementul Calit\u0103\u021bii, prevenirea riscurilor \u0219i s\u0103n\u0103tatea ocupa\u021bional\u0103. Dezvoltarea de activit\u0103\u021bi de formare astfel \u00eenc\u00e2t \u00eentregul personal s\u0103 cunoasc\u0103, s\u0103 participe \u0219i s\u0103 aplice Sistemul de Management al Calit\u0103\u021bii \u0219i, \u00een acela\u0219i timp, s\u0103 permit\u0103 \u00eembun\u0103t\u0103\u021birea continu\u0103 \u00een desf\u0103\u0219urarea atribu\u021biilor, precum: \n<ul class=\"wp-block-list\">\n<li>Importan\u021ba implement\u0103rii \u0219i dezvolt\u0103rii Sistemului de Management al Calit\u0103\u021bii, a practicilor de siguran\u021b\u0103 \u0219i siguran\u021b\u0103 alimentar\u0103.<\/li>\n\n\n\n<li>Cunoa\u0219terea pericolelor pentru siguran\u021ba alimentar\u0103 \u0219i importan\u021ba siguran\u021bei \u0219i igienei alimentare de c\u0103tre to\u021bi angaja\u021bii companiei.<\/li>\n<\/ul>\n<\/li>\n\n\n\n<li>Asigurarea unei comunic\u0103ri deschise \u0219i clare \u00eentre to\u021bi angaja\u021bii companiei, \u00een cadrul unei activit\u0103\u021bi \u0219i \u00eentre activit\u0103\u021bi consecutive, inclusiv comunicarea abaterilor \u0219i a a\u0219tept\u0103rilor.<\/li>\n\n\n\n<li>Alocarea eficient\u0103 a rolurilor, resurselor \u0219i responsabilit\u0103\u021bilor personalului \u0219i companiei. Sus\u021binerea disponibilit\u0103\u021bii resurselor suficiente pentru a garanta calitatea \u0219i manipularea sigur\u0103 \u0219i igienic\u0103 a alimentelor sau a altor produse. <\/li>\n\n\n\n<li>Oferirea de produse de calitate \u0219i sigure pentru consumatori, garant\u00e2nd calitatea \u00een toate etapele produc\u021biei, pe baza FSSC 22000, APPCC \/ HACCP (Analiza Pericolelor \u0219i Puncte Critice de Control) \u0219i NCF \/ GMP (Bune Practici de Fabrica\u021bie).<\/li>\n\n\n\n<li>Introducerea conceptului de \u201ecultur\u0103 a siguran\u021bei alimentare\u201d prin promovarea siguran\u021bei alimentare prin cre\u0219terea nivelului de con\u0219tientizare \u0219i \u00eembun\u0103t\u0103\u021birea comportamentului lucr\u0103torilor. \u00cen conformitate cu Regulamentul UE 382\/2021, angajamentul managementului va include: a) Asigurarea faptului c\u0103 rolurile \u0219i responsabilit\u0103\u021bile sunt comunicate clar \u00een cadrul fiec\u0103rei activit\u0103\u021bi a \u00eentreprinderii din domeniul alimentar; b) Men\u021binerea integrit\u0103\u021bii sistemului de igien\u0103 a alimentelor la planificarea \u0219i implementarea oric\u0103ror schimb\u0103ri; c) Verificarea faptului c\u0103 controalele sunt efectuate \u00een timp util \u0219i eficient \u0219i c\u0103 documenta\u021bia este actualizat\u0103; d) Asigurarea c\u0103 personalul prime\u0219te instruire \u0219i supraveghere adecvate; e) Asigurarea conformit\u0103\u021bii cu cerin\u021bele legale relevante; f) \u00cencurajarea \u00eembun\u0103t\u0103\u021birii continue a sistemului de management al siguran\u021bei alimentelor al companiei, \u021bin\u00e2nd cont, acolo unde este cazul, de evolu\u021bia \u0219tiin\u021bei, tehnologiei \u0219i bunelor practici. <\/li>\n\n\n\n<li>Implementarea unui sistem eficient de control al pierderilor \u0219i de\u0219eurilor alimentare, maximiz\u00e2nd produc\u021bia de alimente \u0219i minimiz\u00e2nd pierderile \u0219i de\u0219eurile, asigur\u00e2nd durabilitatea sistemului alimentar conform standardului FSSC 2200.<\/li>\n\n\n\n<li>Asigurarea conformit\u0103\u021bii cu legisla\u021bia \u0219i celelalte cerin\u021be aplicabile companiei \u00een ceea ce prive\u0219te Calitatea \u0219i Prevenirea Riscurilor.<\/li>\n\n\n\n<li>Asigurarea unei comunic\u0103ri deschise \u0219i clare \u00eentre to\u021bi angaja\u021bii companiei, \u00een cadrul unei activit\u0103\u021bi \u0219i \u00eentre activit\u0103\u021bi consecutive, inclusiv comunicarea abaterilor \u0219i a a\u0219tept\u0103rilor.<\/li>\n\n\n\n<li>Identificarea nevoilor clien\u021bilor no\u0219tri \u0219i satisfacerea cerin\u021belor acestora pentru a le ob\u021bine deplina satisfac\u021bie.<\/li>\n\n\n\n<li>Asigurarea c\u0103 subcontractan\u021bii \u0219i furnizorii aplic\u0103 acelea\u0219i principii de management.<\/li>\n\n\n\n<li>Comunicarea acestei politici \u00eentregii echipe \u0219i colaboratorilor AB-BIOTICS, precum \u0219i oric\u0103rei persoane care o solicit\u0103.<\/li>\n<\/ul>\n\n<h2 class=\"wp-block-heading\">Integritatea datelor<\/h2>\n\n<p><strong>AB BIOTICS S.A.<\/strong> se angajeaz\u0103 s\u0103 furnizeze infrastructura necesar\u0103 (resurse tehnice \u0219i umane) pentru a asigura integritatea datelor pe \u00eentreg ciclul de via\u021b\u0103 al produsului.<\/p>\n\n<p>Integritatea datelor prive\u0219te \u00eentregul personal al companiei \u0219i, \u00een consecin\u021b\u0103, <strong>AB BIOTICS S.A.<\/strong> asigur\u0103 instruire anual\u0103 pentru tot personalul. Aceast\u0103 instruire este legat\u0103 de integritatea datelor, pentru a respecta elementele-cheie: ALCOA+. <br\/><strong>AB BIOTICS S.A. <\/strong>dispune de o procedur\u0103 intern\u0103 de management al documentelor \u00een care sunt definite controale pentru a preveni erorile de comunicare, precum \u0219i ghiduri care permit transcrierea manual\u0103 corect\u0103, asigur\u00e2nd astfel c\u0103 personalul urmeaz\u0103 procedurile corespunz\u0103toare \u00een fabricarea specialit\u0103\u021bilor farmaceutice \u0219i a produselor alimentare \u0219i ofer\u0103 dovezi de conformitate cu standardul prin documentarea informa\u021biilor.<\/p>\n\n<p>\u00cen cazul sistemelor informatizate, <strong>AB BIOTICS S.A.<\/strong> utilizeaz\u0103 sisteme informatice ce pot fi validate conform reglement\u0103rililor GxP, pe l\u00e2ng\u0103 p\u0103strarea eviden\u021bei documenta\u021biei pe h\u00e2rtie (unde este aplicabil), astfel \u00eenc\u00e2t s\u0103 se poat\u0103 realiza trasabilitatea corect\u0103 a datelor.<\/p>\n\n<p>Pentru a asigura conformitatea corespunz\u0103toare privind integritatea datelor, Asigurarea Calit\u0103\u021bii efectueaz\u0103 o revizuire sistematic\u0103 a tuturor echipamentelor\/sistemelor care furnizeaz\u0103 date. Printr-o analiz\u0103 de risc se evalueaz\u0103 criticitatea fiec\u0103rui risc \u0219i se stabilesc m\u0103surile adecvate pentru a-l minimiza. <\/p>\n\n<p>Orice incident legat de integritatea datelor, altul dec\u00e2t falsificarea, va fi gestionat prin sistemul de abateri.<\/p>\n\n<p>\u00cen cazul detect\u0103rii unor date falsificate, Managementul va fi notificat imediat pentru a putea proceda cu ac\u021biunile adecvate.<\/p>\n\n<p><\/p>\n\n<p><em>Ref.: POLI-001<br\/>Versiune: 5.0<br\/>Data public\u0103rii: 22-07-2024 10:41:38 (UTC\/GMT +01:00 &#8211; Europa\/Bruxelles)<br\/>Data expir\u0103rii: 22-07-2025 10:41:38 (UTC\/GMT +01:00 &#8211; Europa\/Bruxelles)<\/em><\/p>\n","protected":false},"excerpt":{"rendered":"<p>Politica AB-BIOTICS privind calitatea, siguran\u021ba \u0219i integritatea datelor AB-BIOTICS S.A. este o companie lider \u00een biotehnologie, bazat\u0103 pe cercetare, dezvoltare, protec\u021bia propriet\u0103\u021bii intelectuale \u0219i distribuirea propriilor solu\u021bii biotehnologice exclusive prin modele Business to Business (B2B) \u0219i Business to Consumer (B2C). Compania noastr\u0103 \u00ee\u0219i propune s\u0103 se impun\u0103 ca reper de valoare \u0219i profitabilitate \u00een sectorul [&hellip;]<\/p>\n","protected":false},"author":1,"featured_media":0,"parent":0,"menu_order":0,"comment_status":"closed","ping_status":"closed","template":"","meta":{"_acf_changed":false,"footnotes":""},"hf_cat_page":[11],"class_list":["post-1889","page","type-page","status-publish","hentry"],"acf":[],"meta_box":[],"_links":{"self":[{"href":"https:\/\/www.ab-biotics.com\/ab-kolicare\/ro\/wp-json\/wp\/v2\/pages\/1889","targetHints":{"allow":["GET"]}}],"collection":[{"href":"https:\/\/www.ab-biotics.com\/ab-kolicare\/ro\/wp-json\/wp\/v2\/pages"}],"about":[{"href":"https:\/\/www.ab-biotics.com\/ab-kolicare\/ro\/wp-json\/wp\/v2\/types\/page"}],"author":[{"embeddable":true,"href":"https:\/\/www.ab-biotics.com\/ab-kolicare\/ro\/wp-json\/wp\/v2\/users\/1"}],"replies":[{"embeddable":true,"href":"https:\/\/www.ab-biotics.com\/ab-kolicare\/ro\/wp-json\/wp\/v2\/comments?post=1889"}],"version-history":[{"count":2,"href":"https:\/\/www.ab-biotics.com\/ab-kolicare\/ro\/wp-json\/wp\/v2\/pages\/1889\/revisions"}],"predecessor-version":[{"id":1892,"href":"https:\/\/www.ab-biotics.com\/ab-kolicare\/ro\/wp-json\/wp\/v2\/pages\/1889\/revisions\/1892"}],"wp:attachment":[{"href":"https:\/\/www.ab-biotics.com\/ab-kolicare\/ro\/wp-json\/wp\/v2\/media?parent=1889"}],"wp:term":[{"taxonomy":"hf_cat_page","embeddable":true,"href":"https:\/\/www.ab-biotics.com\/ab-kolicare\/ro\/wp-json\/wp\/v2\/hf_cat_page?post=1889"}],"curies":[{"name":"wp","href":"https:\/\/api.w.org\/{rel}","templated":true}]}}